{"id":485,"date":"2024-03-30T09:54:01","date_gmt":"2024-03-30T08:54:01","guid":{"rendered":"https:\/\/xn--eurdin-dxa.com\/we-children-of-eurodin\/"},"modified":"2025-09-24T08:13:03","modified_gmt":"2025-09-24T06:13:03","slug":"we-children-of-eurodin","status":"publish","type":"page","link":"https:\/\/xn--eurdin-dxa.com\/en\/we-children-of-eurodin\/","title":{"rendered":"We children of Eur\u00f3din"},"content":{"rendered":"<p>[et_pb_section fb_built=&#8221;1&#8243; _builder_version=&#8221;4.25.0&#8243; background_color=&#8221;#f8f8ff&#8221; background_pattern_repeat_origin=&#8221;top_center&#8221; top_divider_color=&#8221;gcid-7610c300-40d0-4384-97ce-95e83a9a9702&#8243; bottom_divider_color=&#8221;gcid-cb1bf087-2f5e-4838-af54-fe8a11161a4a&#8221; bottom_divider_flip=&#8221;horizontal&#8221; global_colors_info=&#8221;{%22gcid-7610c300-40d0-4384-97ce-95e83a9a9702%22:%91%22top_divider_color%22%93}&#8221;][et_pb_row make_equal=&#8221;on&#8221; _builder_version=&#8221;4.27.3&#8243; _module_preset=&#8221;default&#8221; global_colors_info=&#8221;{}&#8221;][et_pb_column type=&#8221;4_4&#8243; _builder_version=&#8221;4.24.2&#8243; _module_preset=&#8221;default&#8221; custom_css_main_element=&#8221;margin: auto;&#8221; global_colors_info=&#8221;{}&#8221;][et_pb_image src=&#8221;https:\/\/xn--eurdin-dxa.com\/wp-content\/uploads\/2025\/06\/Cover_KDP_Englisch_E-Book_with-Sticker-for-Website.jpg&#8221; title_text=&#8221;Cover_KDP_Englisch_E-Book_with Sticker for Website&#8221; url=&#8221;https:\/\/www.amazon.de\/Children-Eur%C3%B3din-English-Hendrik-Meyer-ebook\/dp\/B0F9FCNXLV\/ref=sr_1_fkmr0_1?__mk_de_DE=%C3%85M%C3%85%C5%BD%C3%95%C3%91&#038;crid=3PARIDPEPORZ4&#038;dib=eyJ2IjoiMSJ9.KTX4iZ7aRe290vQxd2GpCC0UmG-9kPEduBkQ6XPQ1kLGjHj071QN20LucGBJIEps.UK6p_iJmAAbWeholUinRLb_ZovOwjPu16PN7nuXTIOA&#038;dib_tag=se&#038;keywords=w3e+children+of+eur%C3%B3din&#038;qid=1748016849&#038;sprefix=w3e+children+of+eur%C3%B3din%2Caps%2C110&#038;sr=8-1-fkmr0&#8243; align=&#8221;center&#8221; _builder_version=&#8221;4.27.3&#8243; _module_preset=&#8221;default&#8221; width=&#8221;49.1%&#8221; global_colors_info=&#8221;{}&#8221;][\/et_pb_image][\/et_pb_column][\/et_pb_row][et_pb_row _builder_version=&#8221;4.27.3&#8243; _module_preset=&#8221;default&#8221; background_color=&#8221;#FFFFFF&#8221; global_colors_info=&#8221;{}&#8221;][et_pb_column type=&#8221;4_4&#8243; _builder_version=&#8221;4.25.0&#8243; _module_preset=&#8221;default&#8221; global_colors_info=&#8221;{}&#8221;][et_pb_text _builder_version=&#8221;4.27.3&#8243; _module_preset=&#8221;default&#8221; background_color=&#8221;#E09900&#8243; text_orientation=&#8221;center&#8221; hover_enabled=&#8221;0&#8243; global_colors_info=&#8221;{}&#8221; sticky_enabled=&#8221;0&#8243;]<\/p>\n<p>Click here for extract: <a href=\"https:\/\/xn--eurdin-dxa.com\/wp-content\/uploads\/2025\/05\/We-Children-of-Eurodin_Extract.pdf\" rel=\"attachment wp-att-634\">We Children of Euro\u0301din_Extract<\/a><\/p>\n<p>[\/et_pb_text][\/et_pb_column][\/et_pb_row][et_pb_row _builder_version=&#8221;4.16&#8243; background_size=&#8221;initial&#8221; background_position=&#8221;top_left&#8221; background_repeat=&#8221;repeat&#8221; global_colors_info=&#8221;{}&#8221;][et_pb_column type=&#8221;4_4&#8243; _builder_version=&#8221;4.16&#8243; custom_padding=&#8221;|||&#8221; global_colors_info=&#8221;{}&#8221; custom_padding__hover=&#8221;|||&#8221;][et_pb_text _builder_version=&#8221;4.27.3&#8243; text_font=&#8221;||||||||&#8221; text_text_color=&#8221;#000000&#8243; background_size=&#8221;initial&#8221; background_position=&#8221;top_left&#8221; background_repeat=&#8221;repeat&#8221; text_orientation=&#8221;center&#8221; custom_margin=&#8221;||10px||false|false&#8221; custom_padding=&#8221;||0px||false|false&#8221; global_colors_info=&#8221;{}&#8221;]<\/p>\n<p><em><strong>&#8220;Since the dawen of time, there have been these three gods in the universe: Eur\u00f3din and the alien gods Vili and V\u00e9.&#8221;<\/strong><\/em><\/p>\n<p>[\/et_pb_text][et_pb_icon font_icon=&#8221;&#xf621;||fa||900&#8243; icon_color=&#8221;#FFFFFF&#8221; icon_width=&#8221;12px&#8221; _builder_version=&#8221;4.24.2&#8243; _module_preset=&#8221;default&#8221; custom_margin=&#8221;20px||20px||true|false&#8221; global_colors_info=&#8221;{%22gcid-7610c300-40d0-4384-97ce-95e83a9a9702%22:%91%22icon_color%22,%22icon_color%22,%22icon_color%22%93}&#8221;][\/et_pb_icon][et_pb_text _builder_version=&#8221;4.27.3&#8243; text_text_color=&#8221;#000000&#8243; background_size=&#8221;initial&#8221; background_position=&#8221;top_left&#8221; background_repeat=&#8221;repeat&#8221; text_orientation=&#8221;center&#8221; custom_margin=&#8221;||10px||false|false&#8221; custom_padding=&#8221;||||false|false&#8221; global_colors_info=&#8221;{}&#8221;]<\/p>\n<p>According to the Edda, Odin and his two brothers Vili and V\u00e9 created the world together and rule it. But this is only partly true, as the former investment banker Siebenthal discovers at the end of his lifelong search for God. For they neither created the universe, nor do they rule it together. Instead, each of the three spirit beings creates a connection to the newborn souls of their own primordial people: Vili thus consecrates the souls of the Africans, V\u00e9 those of the Asians, and Odin, whom Siebenthal therefore now calls Eur\u00f3din, takes care of the Europeans.<\/p>\n<p>But realizing that is not enough. Eur\u00f3din appoints Siebenthal as his prophet and commissions him to found a church and exhort his soul children to unite and preserve themselves until Ragnar\u00f6k\u2014the apocalypse predicted by the Edda, from whose ashes a new, better world for all Europeans will one day arise.<\/p>\n<p>Armin Weskamp, a family entrepreneur who has been struck by a private disaster, is supposed to help him. But he hesitates for fear of being pilloried as a racist. When his impatient teenage daughter Anngrit secretly founds a cult at her school, it almost leads to a catastrophe. Armin must make a decision that will change his life\u2014and perhaps that of all Europeans.<\/p>\n<p style=\"text-align: center;\">***<\/p>\n<p>The new religion, which the author calls Tritheism, was revealed to him by Eur\u00f3din following the discovery of an artifact. Every person of European descent must follow it, as it is their only hope for salvation and the survival of their people.<\/p>\n<p>[\/et_pb_text][et_pb_text _builder_version=&#8221;4.24.2&#8243; text_text_color=&#8221;#FFFFFF&#8221; background_size=&#8221;initial&#8221; background_position=&#8221;top_left&#8221; background_repeat=&#8221;repeat&#8221; text_orientation=&#8221;center&#8221; custom_margin=&#8221;||10px||false|false&#8221; custom_padding=&#8221;||||false|false&#8221; global_colors_info=&#8221;{%22gcid-7610c300-40d0-4384-97ce-95e83a9a9702%22:%91%22text_text_color%22,%22text_text_color%22%93}&#8221;]<\/p>\n<p>A novel about the God of Europeans and the future of Europe.<\/p>\n<p>[\/et_pb_text][\/et_pb_column][\/et_pb_row][\/et_pb_section]<\/p>\n","protected":false},"excerpt":{"rendered":"<p>Click here for extract: We Children of Euro\u0301din_Extract&#8221;Since the dawen of time, there have been these three gods in the universe: Eur\u00f3din and the alien gods Vili and V\u00e9.&#8221;According to the Edda, Odin and his two brothers Vili and V\u00e9 created the world together and rule it. But this is only partly true, as the [&hellip;]<\/p>\n","protected":false},"author":1,"featured_media":459,"parent":0,"menu_order":0,"comment_status":"closed","ping_status":"closed","template":"","meta":{"_et_pb_use_builder":"on","_et_pb_old_content":"","_et_gb_content_width":"","footnotes":""},"class_list":["post-485","page","type-page","status-publish","has-post-thumbnail","hentry"],"yoast_head":"<!-- This site is optimized with the Yoast SEO plugin v23.9 - https:\/\/yoast.com\/wordpress\/plugins\/seo\/ -->\n<title>We children of Eur\u00f3din | Eur\u00f3din . God . Soulfather<\/title>\n<meta name=\"description\" content=\"We children of Eur\u00f3din Ist eine Seite des Autor Hendrik F. Meyer zu seinem Roman &quot;Wir Kinder Eur\u00f3dins\u201c. Erfahren Sie hier mehr \u00fcber den Autor und sein Buch.\" \/>\n<meta name=\"robots\" content=\"index, follow, max-snippet:-1, max-image-preview:large, max-video-preview:-1\" \/>\n<link rel=\"canonical\" href=\"https:\/\/xn--eurdin-dxa.com\/en\/we-children-of-eurodin\/\" \/>\n<meta property=\"og:locale\" content=\"en_US\" \/>\n<meta property=\"og:type\" content=\"article\" \/>\n<meta property=\"og:title\" content=\"We children of Eur\u00f3din | Eur\u00f3din . God . Soulfather\" \/>\n<meta property=\"og:description\" content=\"We children of Eur\u00f3din Ist eine Seite des Autor Hendrik F. Meyer zu seinem Roman &quot;Wir Kinder Eur\u00f3dins\u201c. Erfahren Sie hier mehr \u00fcber den Autor und sein Buch.\" \/>\n<meta property=\"og:url\" content=\"https:\/\/xn--eurdin-dxa.com\/en\/we-children-of-eurodin\/\" \/>\n<meta property=\"og:site_name\" content=\"Eur\u00f3din . God . Soulfather\" \/>\n<meta property=\"article:modified_time\" content=\"2025-09-24T06:13:03+00:00\" \/>\n<meta property=\"og:image\" content=\"https:\/\/xn--eurdin-dxa.com\/wp-content\/uploads\/2024\/03\/favicon.png\" \/>\n\t<meta property=\"og:image:width\" content=\"512\" \/>\n\t<meta property=\"og:image:height\" content=\"512\" \/>\n\t<meta property=\"og:image:type\" content=\"image\/png\" \/>\n<meta name=\"twitter:card\" content=\"summary_large_image\" \/>\n<meta name=\"twitter:label1\" content=\"Est. reading time\" \/>\n\t<meta name=\"twitter:data1\" content=\"4 minutes\" \/>\n<script type=\"application\/ld+json\" class=\"yoast-schema-graph\">{\"@context\":\"https:\/\/schema.org\",\"@graph\":[{\"@type\":\"WebPage\",\"@id\":\"https:\/\/xn--eurdin-dxa.com\/en\/we-children-of-eurodin\/\",\"url\":\"https:\/\/xn--eurdin-dxa.com\/en\/we-children-of-eurodin\/\",\"name\":\"We children of Eur\u00f3din | Eur\u00f3din . God . Soulfather\",\"isPartOf\":{\"@id\":\"https:\/\/xn--eurdin-dxa.com\/en\/#website\"},\"primaryImageOfPage\":{\"@id\":\"https:\/\/xn--eurdin-dxa.com\/en\/we-children-of-eurodin\/#primaryimage\"},\"image\":{\"@id\":\"https:\/\/xn--eurdin-dxa.com\/en\/we-children-of-eurodin\/#primaryimage\"},\"thumbnailUrl\":\"https:\/\/xn--eurdin-dxa.com\/wp-content\/uploads\/2024\/03\/favicon.png\",\"datePublished\":\"2024-03-30T08:54:01+00:00\",\"dateModified\":\"2025-09-24T06:13:03+00:00\",\"description\":\"We children of Eur\u00f3din Ist eine Seite des Autor Hendrik F. Meyer zu seinem Roman \\\"Wir Kinder Eur\u00f3dins\u201c. Erfahren Sie hier mehr \u00fcber den Autor und sein Buch.\",\"breadcrumb\":{\"@id\":\"https:\/\/xn--eurdin-dxa.com\/en\/we-children-of-eurodin\/#breadcrumb\"},\"inLanguage\":\"en-US\",\"potentialAction\":[{\"@type\":\"ReadAction\",\"target\":[\"https:\/\/xn--eurdin-dxa.com\/en\/we-children-of-eurodin\/\"]}]},{\"@type\":\"ImageObject\",\"inLanguage\":\"en-US\",\"@id\":\"https:\/\/xn--eurdin-dxa.com\/en\/we-children-of-eurodin\/#primaryimage\",\"url\":\"https:\/\/xn--eurdin-dxa.com\/wp-content\/uploads\/2024\/03\/favicon.png\",\"contentUrl\":\"https:\/\/xn--eurdin-dxa.com\/wp-content\/uploads\/2024\/03\/favicon.png\",\"width\":512,\"height\":512},{\"@type\":\"BreadcrumbList\",\"@id\":\"https:\/\/xn--eurdin-dxa.com\/en\/we-children-of-eurodin\/#breadcrumb\",\"itemListElement\":[{\"@type\":\"ListItem\",\"position\":1,\"name\":\"Startseite\",\"item\":\"https:\/\/xn--eurdin-dxa.com\/en\/\"},{\"@type\":\"ListItem\",\"position\":2,\"name\":\"We children of Eur\u00f3din\"}]},{\"@type\":\"WebSite\",\"@id\":\"https:\/\/xn--eurdin-dxa.com\/en\/#website\",\"url\":\"https:\/\/xn--eurdin-dxa.com\/en\/\",\"name\":\"Eur\u00f3din . God . Soulfather\",\"description\":\"Eur\u00f3din . God . Soulfather\",\"publisher\":{\"@id\":\"https:\/\/xn--eurdin-dxa.com\/en\/#\/schema\/person\/6352f251713440be4654fc9ba5b280b1\"},\"alternateName\":\"Eur\u00f3din\",\"potentialAction\":[{\"@type\":\"SearchAction\",\"target\":{\"@type\":\"EntryPoint\",\"urlTemplate\":\"https:\/\/xn--eurdin-dxa.com\/en\/?s={search_term_string}\"},\"query-input\":{\"@type\":\"PropertyValueSpecification\",\"valueRequired\":true,\"valueName\":\"search_term_string\"}}],\"inLanguage\":\"en-US\"},{\"@type\":[\"Person\",\"Organization\"],\"@id\":\"https:\/\/xn--eurdin-dxa.com\/en\/#\/schema\/person\/6352f251713440be4654fc9ba5b280b1\",\"name\":\"Hendrik F. Meyer\",\"image\":{\"@type\":\"ImageObject\",\"inLanguage\":\"en-US\",\"@id\":\"https:\/\/xn--eurdin-dxa.com\/en\/#\/schema\/person\/image\/\",\"url\":\"https:\/\/xn--eurdin-dxa.com\/wp-content\/uploads\/2024\/03\/cropped-favicon.png\",\"contentUrl\":\"https:\/\/xn--eurdin-dxa.com\/wp-content\/uploads\/2024\/03\/cropped-favicon.png\",\"width\":512,\"height\":512,\"caption\":\"Hendrik F. Meyer\"},\"logo\":{\"@id\":\"https:\/\/xn--eurdin-dxa.com\/en\/#\/schema\/person\/image\/\"},\"sameAs\":[\"https:\/\/eur\u00f3din.com\"]}]}<\/script>\n<!-- \/ Yoast SEO plugin. -->","yoast_head_json":{"title":"We children of Eur\u00f3din | Eur\u00f3din . God . Soulfather","description":"We children of Eur\u00f3din Ist eine Seite des Autor Hendrik F. Meyer zu seinem Roman \"Wir Kinder Eur\u00f3dins\u201c. Erfahren Sie hier mehr \u00fcber den Autor und sein Buch.","robots":{"index":"index","follow":"follow","max-snippet":"max-snippet:-1","max-image-preview":"max-image-preview:large","max-video-preview":"max-video-preview:-1"},"canonical":"https:\/\/xn--eurdin-dxa.com\/en\/we-children-of-eurodin\/","og_locale":"en_US","og_type":"article","og_title":"We children of Eur\u00f3din | Eur\u00f3din . God . Soulfather","og_description":"We children of Eur\u00f3din Ist eine Seite des Autor Hendrik F. Meyer zu seinem Roman \"Wir Kinder Eur\u00f3dins\u201c. Erfahren Sie hier mehr \u00fcber den Autor und sein Buch.","og_url":"https:\/\/xn--eurdin-dxa.com\/en\/we-children-of-eurodin\/","og_site_name":"Eur\u00f3din . God . Soulfather","article_modified_time":"2025-09-24T06:13:03+00:00","og_image":[{"width":512,"height":512,"url":"https:\/\/xn--eurdin-dxa.com\/wp-content\/uploads\/2024\/03\/favicon.png","type":"image\/png"}],"twitter_card":"summary_large_image","twitter_misc":{"Est. reading time":"4 minutes"},"schema":{"@context":"https:\/\/schema.org","@graph":[{"@type":"WebPage","@id":"https:\/\/xn--eurdin-dxa.com\/en\/we-children-of-eurodin\/","url":"https:\/\/xn--eurdin-dxa.com\/en\/we-children-of-eurodin\/","name":"We children of Eur\u00f3din | Eur\u00f3din . God . Soulfather","isPartOf":{"@id":"https:\/\/xn--eurdin-dxa.com\/en\/#website"},"primaryImageOfPage":{"@id":"https:\/\/xn--eurdin-dxa.com\/en\/we-children-of-eurodin\/#primaryimage"},"image":{"@id":"https:\/\/xn--eurdin-dxa.com\/en\/we-children-of-eurodin\/#primaryimage"},"thumbnailUrl":"https:\/\/xn--eurdin-dxa.com\/wp-content\/uploads\/2024\/03\/favicon.png","datePublished":"2024-03-30T08:54:01+00:00","dateModified":"2025-09-24T06:13:03+00:00","description":"We children of Eur\u00f3din Ist eine Seite des Autor Hendrik F. Meyer zu seinem Roman \"Wir Kinder Eur\u00f3dins\u201c. Erfahren Sie hier mehr \u00fcber den Autor und sein Buch.","breadcrumb":{"@id":"https:\/\/xn--eurdin-dxa.com\/en\/we-children-of-eurodin\/#breadcrumb"},"inLanguage":"en-US","potentialAction":[{"@type":"ReadAction","target":["https:\/\/xn--eurdin-dxa.com\/en\/we-children-of-eurodin\/"]}]},{"@type":"ImageObject","inLanguage":"en-US","@id":"https:\/\/xn--eurdin-dxa.com\/en\/we-children-of-eurodin\/#primaryimage","url":"https:\/\/xn--eurdin-dxa.com\/wp-content\/uploads\/2024\/03\/favicon.png","contentUrl":"https:\/\/xn--eurdin-dxa.com\/wp-content\/uploads\/2024\/03\/favicon.png","width":512,"height":512},{"@type":"BreadcrumbList","@id":"https:\/\/xn--eurdin-dxa.com\/en\/we-children-of-eurodin\/#breadcrumb","itemListElement":[{"@type":"ListItem","position":1,"name":"Startseite","item":"https:\/\/xn--eurdin-dxa.com\/en\/"},{"@type":"ListItem","position":2,"name":"We children of Eur\u00f3din"}]},{"@type":"WebSite","@id":"https:\/\/xn--eurdin-dxa.com\/en\/#website","url":"https:\/\/xn--eurdin-dxa.com\/en\/","name":"Eur\u00f3din . God . Soulfather","description":"Eur\u00f3din . God . Soulfather","publisher":{"@id":"https:\/\/xn--eurdin-dxa.com\/en\/#\/schema\/person\/6352f251713440be4654fc9ba5b280b1"},"alternateName":"Eur\u00f3din","potentialAction":[{"@type":"SearchAction","target":{"@type":"EntryPoint","urlTemplate":"https:\/\/xn--eurdin-dxa.com\/en\/?s={search_term_string}"},"query-input":{"@type":"PropertyValueSpecification","valueRequired":true,"valueName":"search_term_string"}}],"inLanguage":"en-US"},{"@type":["Person","Organization"],"@id":"https:\/\/xn--eurdin-dxa.com\/en\/#\/schema\/person\/6352f251713440be4654fc9ba5b280b1","name":"Hendrik F. Meyer","image":{"@type":"ImageObject","inLanguage":"en-US","@id":"https:\/\/xn--eurdin-dxa.com\/en\/#\/schema\/person\/image\/","url":"https:\/\/xn--eurdin-dxa.com\/wp-content\/uploads\/2024\/03\/cropped-favicon.png","contentUrl":"https:\/\/xn--eurdin-dxa.com\/wp-content\/uploads\/2024\/03\/cropped-favicon.png","width":512,"height":512,"caption":"Hendrik F. Meyer"},"logo":{"@id":"https:\/\/xn--eurdin-dxa.com\/en\/#\/schema\/person\/image\/"},"sameAs":["https:\/\/eur\u00f3din.com"]}]}},"_links":{"self":[{"href":"https:\/\/xn--eurdin-dxa.com\/en\/wp-json\/wp\/v2\/pages\/485","targetHints":{"allow":["GET"]}}],"collection":[{"href":"https:\/\/xn--eurdin-dxa.com\/en\/wp-json\/wp\/v2\/pages"}],"about":[{"href":"https:\/\/xn--eurdin-dxa.com\/en\/wp-json\/wp\/v2\/types\/page"}],"author":[{"embeddable":true,"href":"https:\/\/xn--eurdin-dxa.com\/en\/wp-json\/wp\/v2\/users\/1"}],"replies":[{"embeddable":true,"href":"https:\/\/xn--eurdin-dxa.com\/en\/wp-json\/wp\/v2\/comments?post=485"}],"version-history":[{"count":8,"href":"https:\/\/xn--eurdin-dxa.com\/en\/wp-json\/wp\/v2\/pages\/485\/revisions"}],"predecessor-version":[{"id":665,"href":"https:\/\/xn--eurdin-dxa.com\/en\/wp-json\/wp\/v2\/pages\/485\/revisions\/665"}],"wp:featuredmedia":[{"embeddable":true,"href":"https:\/\/xn--eurdin-dxa.com\/en\/wp-json\/wp\/v2\/media\/459"}],"wp:attachment":[{"href":"https:\/\/xn--eurdin-dxa.com\/en\/wp-json\/wp\/v2\/media?parent=485"}],"curies":[{"name":"wp","href":"https:\/\/api.w.org\/{rel}","templated":true}]}}